{"id":72,"date":"2021-07-10T15:43:45","date_gmt":"2021-07-10T13:43:45","guid":{"rendered":"https:\/\/www.maisonlitterairedevictorhugo.net\/en\/?page_id=72"},"modified":"2022-03-30T14:25:37","modified_gmt":"2022-03-30T12:25:37","slug":"contact-acces","status":"publish","type":"page","link":"https:\/\/www.maisonlitterairedevictorhugo.net\/en\/contact-acces\/","title":{"rendered":"Acc\u00e8s"},"content":{"rendered":"\n<div style=\"height:50px\" aria-hidden=\"true\" class=\"wp-block-spacer\"><\/div>\n\n\n\n<p class=\"has-text-align-center has-text-color has-large-font-size\" style=\"color:#06044f\"><strong><mark style=\"background-color:rgba(0, 0, 0, 0);color:#06044f\" class=\"has-inline-color\">ACCESS<\/mark><\/strong><\/p>\n\n\n\n<div class=\"wp-block-columns alignwide is-layout-flex wp-container-core-columns-is-layout-9d6595d7 wp-block-columns-is-layout-flex\">\n<div class=\"wp-block-column is-layout-flow wp-block-column-is-layout-flow\" style=\"flex-basis:66.66%\">\n<figure class=\"wp-block-image size-large is-resized is-style-default\"><img loading=\"lazy\" decoding=\"async\" src=\"https:\/\/www.maisonlitterairedevictorhugo.net\/en\/wp-content\/uploads\/2022\/02\/Sans-titre-1-1024x746.jpg\" alt=\"\" class=\"wp-image-3379\" width=\"693\" height=\"504\" srcset=\"https:\/\/www.maisonlitterairedevictorhugo.net\/en\/wp-content\/uploads\/2022\/02\/Sans-titre-1-1024x746.jpg 1024w, https:\/\/www.maisonlitterairedevictorhugo.net\/en\/wp-content\/uploads\/2022\/02\/Sans-titre-1-300x219.jpg 300w, https:\/\/www.maisonlitterairedevictorhugo.net\/en\/wp-content\/uploads\/2022\/02\/Sans-titre-1-768x559.jpg 768w, https:\/\/www.maisonlitterairedevictorhugo.net\/en\/wp-content\/uploads\/2022\/02\/Sans-titre-1.jpg 1296w\" sizes=\"auto, (max-width: 693px) 100vw, 693px\" \/><\/figure>\n<\/div>\n\n\n\n<div class=\"wp-block-column is-layout-flow wp-block-column-is-layout-flow\" style=\"flex-basis:33.33%\">\n<p><em>Most of the museum and the shop are wheelchair accessible.<\/em><\/p>\n\n\n\n<p class=\"has-text-align-left has-medium-font-size\"><strong><span class=\"lettrine\">M<\/span>aison Litt\u00e9raire de Victor Hugo<\/strong><br>Ch\u00e2teau des Roches<br>45, rue de Vauboyen<br>91570 BIEVRES&nbsp;<\/p>\n\n\n\n<p class=\"has-medium-font-size\"><strong>Mail :<\/strong>&nbsp;<a href=\"mailto:maison.litteraire.victor.hugo@wanadoo.fr\"><strong>mlvh@wanadoo.fr<\/strong><\/a><\/p>\n\n\n\n<p class=\"has-text-align-left has-medium-font-size\"><strong>Phone :&nbsp;01 69 41 82 84<\/strong><\/p>\n<\/div>\n<\/div>\n\n\n\n<div style=\"height:20px\" aria-hidden=\"true\" class=\"wp-block-spacer\"><\/div>\n\n\n\n<div class=\"wp-block-columns alignwide is-layout-flex wp-container-core-columns-is-layout-9d6595d7 wp-block-columns-is-layout-flex\">\n<div class=\"wp-block-column is-vertically-aligned-top is-layout-flow wp-block-column-is-layout-flow\" style=\"flex-basis:66.66%\">\n<iframe src=\"https:\/\/www.google.com\/maps\/embed?pb=!1m18!1m12!1m3!1d108036.43376235584!2d2.16237862442847!3d48.751943521772056!2m3!1f0!2f0!3f0!3m2!1i1024!2i768!4f13.1!3m3!1m2!1s0x47e6793fbf66f83f%3A0xc2634046a7b92303!2sCh%C3%A2teau%20des%20Roches%2C%20Maison%20Litt%C3%A9raire%20Victor%20Hugo!5e0!3m2!1sfr!2sfr!4v1639598227804!5m2!1sfr!2sfr\" width=\"700\" height=\"600\" style=\"border:2;\" allowfullscreen=\"\" loading=\"lazy\"><\/iframe>\n<\/div>\n\n\n\n<div class=\"wp-block-column is-vertically-aligned-center is-layout-flow wp-block-column-is-layout-flow\" style=\"flex-basis:33.33%\">\n<p class=\"has-medium-font-size\"><span class=\"lettrine\">B<\/span>y TRAIN from Paris :<\/p>\n\n\n\n<p class=\"has-medium-font-size\">From the Paris-Austerlitz station take the train going to Versailles-Chantiers and get off either at the Bi\u00e8vres or the Vauboyen station<\/p>\n\n\n\n<p class=\"has-medium-font-size\"><span class=\"lettrine\">B<\/span>y CAR from Paris :<br><strong>Pont de S\u00e8vres :<\/strong>&nbsp;N118 (Chartres-Orl\u00e9ans&nbsp;on the highway),&nbsp;exit&nbsp;Bi\u00e8vres.<br><strong>Porte de Ch\u00e2tillon :<\/strong>&nbsp;N306, Petit Clamart, Bi\u00e8vres.<meta charset=\"utf-8\"><\/p>\n\n\n\n<p class=\"has-large-font-size\"><mark style=\"background-color:rgba(0, 0, 0, 0)\" class=\"has-inline-color has-ast-global-color-0-color\"><i class=\"fas fa-parking\"><\/i> <\/mark><small><mark style=\"background-color:rgba(0, 0, 0, 0)\" class=\"has-inline-color has-ast-global-color-0-color\">Free Parking <\/mark><\/small><\/p>\n<\/div>\n<\/div>\n\n\n\n<div style=\"height:30px\" aria-hidden=\"true\" class=\"wp-block-spacer\"><\/div>\n","protected":false},"excerpt":{"rendered":"<p>ACCESS Most of the museum and the shop are wheelchair accessible. Maison Litt\u00e9raire de Victor HugoCh\u00e2teau des Roches45, rue de Vauboyen91570 BIEVRES&nbsp; Mail :&nbsp;mlvh@wanadoo.fr Phone :&nbsp;01 69 41 82 84 By TRAIN from Paris : From the Paris-Austerlitz station take the train going to Versailles-Chantiers and get off either at the Bi\u00e8vres or the Vauboyen &hellip;<\/p>\n<p class=\"read-more\"> <a class=\"\" href=\"https:\/\/www.maisonlitterairedevictorhugo.net\/en\/contact-acces\/\"> <span class=\"screen-reader-text\">Acc\u00e8s<\/span> Lire la suite\u00a0\u00bb<\/a><\/p>\n","protected":false},"author":1,"featured_media":0,"parent":0,"menu_order":0,"comment_status":"closed","ping_status":"closed","template":"","meta":{"site-sidebar-layout":"default","site-content-layout":"default","ast-main-header-display":"","ast-hfb-above-header-display":"","ast-hfb-below-header-display":"","ast-hfb-mobile-header-display":"","site-post-title":"","ast-breadcrumbs-content":"","ast-featured-img":"","footer-sml-layout":"","theme-transparent-header-meta":"","adv-header-id-meta":"","stick-header-meta":"","header-above-stick-meta":"","header-main-stick-meta":"","header-below-stick-meta":"","footnotes":""},"class_list":["post-72","page","type-page","status-publish","hentry"],"_links":{"self":[{"href":"https:\/\/www.maisonlitterairedevictorhugo.net\/en\/wp-json\/wp\/v2\/pages\/72","targetHints":{"allow":["GET"]}}],"collection":[{"href":"https:\/\/www.maisonlitterairedevictorhugo.net\/en\/wp-json\/wp\/v2\/pages"}],"about":[{"href":"https:\/\/www.maisonlitterairedevictorhugo.net\/en\/wp-json\/wp\/v2\/types\/page"}],"author":[{"embeddable":true,"href":"https:\/\/www.maisonlitterairedevictorhugo.net\/en\/wp-json\/wp\/v2\/users\/1"}],"replies":[{"embeddable":true,"href":"https:\/\/www.maisonlitterairedevictorhugo.net\/en\/wp-json\/wp\/v2\/comments?post=72"}],"version-history":[{"count":112,"href":"https:\/\/www.maisonlitterairedevictorhugo.net\/en\/wp-json\/wp\/v2\/pages\/72\/revisions"}],"predecessor-version":[{"id":4115,"href":"https:\/\/www.maisonlitterairedevictorhugo.net\/en\/wp-json\/wp\/v2\/pages\/72\/revisions\/4115"}],"wp:attachment":[{"href":"https:\/\/www.maisonlitterairedevictorhugo.net\/en\/wp-json\/wp\/v2\/media?parent=72"}],"curies":[{"name":"wp","href":"https:\/\/api.w.org\/{rel}","templated":true}]}}