{"id":3275,"date":"2022-02-11T10:55:45","date_gmt":"2022-02-11T09:55:45","guid":{"rendered":"https:\/\/www.maisonlitterairedevictorhugo.net\/en\/?page_id=3275"},"modified":"2022-04-09T12:20:18","modified_gmt":"2022-04-09T10:20:18","slug":"mentions-legales","status":"publish","type":"page","link":"https:\/\/www.maisonlitterairedevictorhugo.net\/en\/mentions-legales\/","title":{"rendered":"Mentions l\u00e9gales"},"content":{"rendered":"\n<div style=\"height:50px\" aria-hidden=\"true\" class=\"wp-block-spacer\"><\/div>\n\n\n\n<p class=\"has-text-align-center has-large-font-size\"><strong>Legal Notice<\/strong><\/p>\n\n\n\n<p><strong>Website Owner :<\/strong><\/p>\n\n\n\n<p>Association 1901 ACSF &#8211; Maison Litt\u00e9raire de Victor Hugo<\/p>\n\n\n\n<p>45 rue de Vauboyen<\/p>\n\n\n\n<p>91570 BI\u00c8VRES<\/p>\n\n\n\n<p>mlvh@wanadoo.fr<\/p>\n\n\n\n<p>01 69 41 82 84<\/p>\n\n\n\n<p>Dir. of publication : J. C. Gaubert<\/p>\n\n\n\n<p><\/p>\n\n\n\n<p><strong>Realization of the site :<\/strong><\/p>\n\n\n\n<p>Host : IONOS<\/p>\n\n\n\n<p>Software : WordPress<\/p>\n\n\n\n<p>Realization : MLVH \/ YT<\/p>\n\n\n\n<p><strong>Photo credits :<\/strong><\/p>\n\n\n\n<p> O. Deti\u00e8ge, T. Hachimoto, S. Mahuet, M. Moine, A. Robert, G. Trigalot, Wikip\u00e9dia, Maison Litt\u00e9raire de Victor Hugo <\/p>\n\n\n\n<div style=\"height:30px\" aria-hidden=\"true\" class=\"wp-block-spacer\"><\/div>\n","protected":false},"excerpt":{"rendered":"<p>Legal Notice Website Owner : Association 1901 ACSF &#8211; Maison Litt\u00e9raire de Victor Hugo 45 rue de Vauboyen 91570 BI\u00c8VRES mlvh@wanadoo.fr 01 69 41 82 84 Dir. of publication : J. C. Gaubert Realization of the site : Host : IONOS Software : WordPress Realization : MLVH \/ YT Photo credits : O. Deti\u00e8ge, T. &hellip;<\/p>\n<p class=\"read-more\"> <a class=\"\" href=\"https:\/\/www.maisonlitterairedevictorhugo.net\/en\/mentions-legales\/\"> <span class=\"screen-reader-text\">Mentions l\u00e9gales<\/span> Lire la suite\u00a0\u00bb<\/a><\/p>\n","protected":false},"author":1,"featured_media":0,"parent":0,"menu_order":0,"comment_status":"closed","ping_status":"closed","template":"","meta":{"site-sidebar-layout":"default","site-content-layout":"default","ast-main-header-display":"","ast-hfb-above-header-display":"","ast-hfb-below-header-display":"","ast-hfb-mobile-header-display":"","site-post-title":"","ast-breadcrumbs-content":"","ast-featured-img":"","footer-sml-layout":"","theme-transparent-header-meta":"","adv-header-id-meta":"","stick-header-meta":"","header-above-stick-meta":"","header-main-stick-meta":"","header-below-stick-meta":"","footnotes":""},"class_list":["post-3275","page","type-page","status-publish","hentry"],"_links":{"self":[{"href":"https:\/\/www.maisonlitterairedevictorhugo.net\/en\/wp-json\/wp\/v2\/pages\/3275","targetHints":{"allow":["GET"]}}],"collection":[{"href":"https:\/\/www.maisonlitterairedevictorhugo.net\/en\/wp-json\/wp\/v2\/pages"}],"about":[{"href":"https:\/\/www.maisonlitterairedevictorhugo.net\/en\/wp-json\/wp\/v2\/types\/page"}],"author":[{"embeddable":true,"href":"https:\/\/www.maisonlitterairedevictorhugo.net\/en\/wp-json\/wp\/v2\/users\/1"}],"replies":[{"embeddable":true,"href":"https:\/\/www.maisonlitterairedevictorhugo.net\/en\/wp-json\/wp\/v2\/comments?post=3275"}],"version-history":[{"count":12,"href":"https:\/\/www.maisonlitterairedevictorhugo.net\/en\/wp-json\/wp\/v2\/pages\/3275\/revisions"}],"predecessor-version":[{"id":4142,"href":"https:\/\/www.maisonlitterairedevictorhugo.net\/en\/wp-json\/wp\/v2\/pages\/3275\/revisions\/4142"}],"wp:attachment":[{"href":"https:\/\/www.maisonlitterairedevictorhugo.net\/en\/wp-json\/wp\/v2\/media?parent=3275"}],"curies":[{"name":"wp","href":"https:\/\/api.w.org\/{rel}","templated":true}]}}