{"id":1902,"date":"2022-02-04T10:00:32","date_gmt":"2022-02-04T09:00:32","guid":{"rendered":"https:\/\/www.maisonlitterairedevictorhugo.net\/en\/?page_id=1902"},"modified":"2022-03-17T12:33:06","modified_gmt":"2022-03-17T11:33:06","slug":"avant-propos-philippe-moine","status":"publish","type":"page","link":"https:\/\/www.maisonlitterairedevictorhugo.net\/en\/avant-propos-philippe-moine\/","title":{"rendered":"Avant-propos Philippe Moine"},"content":{"rendered":"\n<div style=\"height:50px\" aria-hidden=\"true\" class=\"wp-block-spacer\"><\/div>\n\n\n\n<p class=\"has-text-align-center\" style=\"font-size:24px\"><strong><em>The Founder&rsquo;s wish<\/em><\/strong><br><strong>Foreword to the 30th Anniversay Album<\/strong><\/p>\n\n\n\n<p class=\"has-medium-font-size\"><span class=\"lettrine\">D<\/span>uring a visit to France in 1981, Mr. Daisaku Ikeda, Japanese writer, philosopher and man of peace, met Mr. Alain Poher, President of the Senate. The latter made him visit the Luxembourg Palace and its most beautiful salon, the \u201cSalon Victor Hugo\u201d. Deeply in love with literature, Monsieur Ikeda has been an admirer of Victor Hugo since he was very young; he says he overcame the horrors of the Second World War as a teenager thanks in particular to reading <em>Les Mis\u00e9rables.<\/em><\/p>\n\n\n\n<p class=\"has-medium-font-size\"><em>\u00ab\u00a0The idea of \u200b\u200bfounding the Maison litt\u00e9raire came to me [\u2026] At that moment, I decided to leave to posterity the testimony of a heroic fight and the work of a great writer.\u00a0\u00bb <\/em>he explai<em>ns.<\/em><\/p>\n\n\n\n<p class=\"has-medium-font-size\">On June 7, 1989, in the presidential office of the \u00c9lys\u00e9e Palace, Mr. President Fran\u00e7ois Mitterrand welcomed Mr. Ikeda for an interview on the celebration of the bicentenary of the Revolution and Franco-Japanese relations. The following week, invited by the Academy of Fine Arts, Mr. Ikeda gave a speech entitled \u201cArt and spirituality in the East and in the West\u201d.<\/p>\n\n\n\n<p class=\"has-medium-font-size\">Then in 1991, with the support of Alain Poher, President of the Senate, Jack Lang, Minister of Culture, Marcel Landowski of the Institute, Alain Decaux and Ren\u00e9 Huyghe of the French Academy, Mr Ikeda, founded in Bi\u00e8vres the Maison Literary by Victor Hugo. It therefore entrusted its management and animation to a French association.<\/p>\n\n\n\n<p class=\"has-medium-font-size\">The creation of this museum dedicated to Victor Hugo is the expression of his commitment to peace, culture and education, he who is the author of a hundred books, including dialogues with thinkers such as Arnold Toynbee, Andr\u00e9 Malraux , Micka\u00ebl Gorbachev, Henry Kissinger, Linus Pauling, Ren\u00e9 Huyghe, Charles Bonaparte\u2026 translated into more than thirty-six languages \u200b\u200band who, every year since 1978, has submitted proposals for peace to the UN, which are then published throughout the world.<\/p>\n\n\n\n<p class=\"has-medium-font-size\"><span class=\"lettrine\">I<\/span>n 2000, Mr. Ikeda accepted that five major pieces from the collection be classified as \u00ab\u00a0National Treasure\u00a0\u00bb as historical monuments: the hand-corrected proofs by Hugo of <em>Les Mis\u00e9rables<\/em>, those of <em>Contemplations<\/em>, those of <em>La L\u00e9gende des si\u00e8cles<\/em>, the draft of the communards&rsquo; amnesty project, as well as the last word written by Victor Hugo&rsquo;s hand, three days before his death: \u00ab\u00a0To love is to act\u00a0\u00bb.<\/p>\n\n\n\n<p class=\"has-medium-font-size\">For this important contribution to the influence of Victor Hugo, the Minister of Culture presented him in 1992 with the distinction of Chevalier in the Order of Arts and Letters.<\/p>\n\n\n\n<p class=\"has-medium-font-size\"><span class=\"lettrine\">F<\/span>ruit of the efforts of the entire team of the Literary House of Victor Hugo to concretize during these three decades the mission devolved by the founder, this catalog offers you a rich overview of our achievements: national and international exhibitions, partnerships, meetings, acquisitions heritage, cultural events\u2026 It shows some treasures from the collection, manuscripts, letters, rare and original editions, engravings, sculptures, period snapshots\u2026 It invites you to take a walk in the wake of the poet, thanks to the hundreds of photographs of this part of the Bi\u00e8vre valley that Louis-Fran\u00e7ois Bertin knew so well how to develop. Above all, it recalls the spirit of our activities, illustrated by the sixty texts by Victor Hugo, which continue to illuminate the future.<\/p>\n\n\n\n<p class=\"has-medium-font-size\">I would like to thank the very many personalities and specialists from the world of culture, research and literature who have done us the honor since the inauguration of participating, through their support, their messages and their testimonies, in the enhancement of this humanist heritage, and particularly those which, today, make us the friendship of texts which you will discover in the following pages: Mr. G\u00e9rard Larcher, president of the Senate, Mrs. Pelletier-Le Barbier, mayor of Bi\u00e8vres, Mr. Denis Lavalle, Honorary General Curator of Heritage, Mrs. Anne-Simone Dufief, Emeritus Professor of Literature at the University of Angers, Mr. Charles Bonaparte, descendant of J\u00e9r\u00f4me Bonaparte.<\/p>\n\n\n\n<p class=\"has-medium-font-size\">My thanks also go to the visitors from all over the world who come in large numbers each year, demonstrating their passion for Hugolian thought and thus testifying to its universality.<\/p>\n\n\n\n<p class=\"has-medium-font-size\">During these last thirty years, following the wish of the founder, we wished by emphasizing certain unknown aspects of Victor Hugo, that a dialogue be established between each visitor and the visionary work of the poet, particularly with regard to the younger generations.<\/p>\n\n\n\n<p class=\"has-medium-font-size\"><span class=\"lettrine\">T<\/span>his year, we are going to plant a tree, symbol of the momentum we intend to take towards the next thirty years and beyond. I hope it will bear witness to an increasingly enlightened world and I am convinced that the messages of Victor Hugo and the great authors that we will continue to honor, will be able to contribute to this.<\/p>\n\n\n\n<p class=\"has-medium-font-size\">In his preface to the catalog of the exhibition dedicated to Victor Hugo, organized in 2004 in Japan, Monsieur Ikeda said it all :<\/p>\n\n\n\n<p class=\"has-medium-font-size\"><em>\u00ab\u00a0Victor Hugo wrote: <\/em>\u00ab\u00a0The dreams of great men are the gestation of the future.\u00a0\u00bb<em> I am firmly convinced that what he proclaimed &#8211; his aspirations for peace and respect for human rights in a chaotic era, and his quest, sometimes gropingly, in the creation of new values &#8211; still remains, two centuries later, a living force enabling countless people to elevate their spirits and expand their potential.<\/em>\u00ab\u00a0<\/p>\n\n\n\n<p class=\"has-text-align-center has-medium-font-size\"><strong><em>Philippe Moine<\/em><\/strong><\/p>\n\n\n\n<p class=\"has-text-align-center has-medium-font-size\"><strong><em>Director of the Literary House of Victor Hugo<\/em><\/strong><\/p>\n\n\n\n<div style=\"height:30px\" aria-hidden=\"true\" class=\"wp-block-spacer\"><\/div>\n","protected":false},"excerpt":{"rendered":"<p>The Founder&rsquo;s wishForeword to the 30th Anniversay Album During a visit to France in 1981, Mr. Daisaku Ikeda, Japanese writer, philosopher and man of peace, met Mr. Alain Poher, President of the Senate. The latter made him visit the Luxembourg Palace and its most beautiful salon, the \u201cSalon Victor Hugo\u201d. Deeply in love with literature, &hellip;<\/p>\n<p class=\"read-more\"> <a class=\"\" href=\"https:\/\/www.maisonlitterairedevictorhugo.net\/en\/avant-propos-philippe-moine\/\"> <span class=\"screen-reader-text\">Avant-propos Philippe Moine<\/span> Lire la suite\u00a0\u00bb<\/a><\/p>\n","protected":false},"author":1,"featured_media":0,"parent":0,"menu_order":0,"comment_status":"closed","ping_status":"closed","template":"","meta":{"site-sidebar-layout":"default","site-content-layout":"default","ast-main-header-display":"","ast-hfb-above-header-display":"","ast-hfb-below-header-display":"","ast-hfb-mobile-header-display":"","site-post-title":"","ast-breadcrumbs-content":"","ast-featured-img":"","footer-sml-layout":"","theme-transparent-header-meta":"","adv-header-id-meta":"","stick-header-meta":"","header-above-stick-meta":"","header-main-stick-meta":"","header-below-stick-meta":"","footnotes":""},"class_list":["post-1902","page","type-page","status-publish","hentry"],"_links":{"self":[{"href":"https:\/\/www.maisonlitterairedevictorhugo.net\/en\/wp-json\/wp\/v2\/pages\/1902","targetHints":{"allow":["GET"]}}],"collection":[{"href":"https:\/\/www.maisonlitterairedevictorhugo.net\/en\/wp-json\/wp\/v2\/pages"}],"about":[{"href":"https:\/\/www.maisonlitterairedevictorhugo.net\/en\/wp-json\/wp\/v2\/types\/page"}],"author":[{"embeddable":true,"href":"https:\/\/www.maisonlitterairedevictorhugo.net\/en\/wp-json\/wp\/v2\/users\/1"}],"replies":[{"embeddable":true,"href":"https:\/\/www.maisonlitterairedevictorhugo.net\/en\/wp-json\/wp\/v2\/comments?post=1902"}],"version-history":[{"count":15,"href":"https:\/\/www.maisonlitterairedevictorhugo.net\/en\/wp-json\/wp\/v2\/pages\/1902\/revisions"}],"predecessor-version":[{"id":4054,"href":"https:\/\/www.maisonlitterairedevictorhugo.net\/en\/wp-json\/wp\/v2\/pages\/1902\/revisions\/4054"}],"wp:attachment":[{"href":"https:\/\/www.maisonlitterairedevictorhugo.net\/en\/wp-json\/wp\/v2\/media?parent=1902"}],"curies":[{"name":"wp","href":"https:\/\/api.w.org\/{rel}","templated":true}]}}