{"id":1570,"date":"2022-01-25T10:29:36","date_gmt":"2022-01-25T09:29:36","guid":{"rendered":"https:\/\/www.maisonlitterairedevictorhugo.net\/en\/?page_id=1570"},"modified":"2025-01-31T16:23:43","modified_gmt":"2025-01-31T15:23:43","slug":"messages","status":"publish","type":"page","link":"https:\/\/www.maisonlitterairedevictorhugo.net\/en\/messages\/","title":{"rendered":"Messages"},"content":{"rendered":"\n<div style=\"height:50px\" aria-hidden=\"true\" class=\"wp-block-spacer\"><\/div>\n\n\n\n<p class=\"has-text-align-center has-text-color has-large-font-size\" style=\"color:#06044f\"><strong>SPEECHES <\/strong><\/p>\n\n\n\n<div class=\"wp-block-columns alignwide is-layout-flex wp-container-core-columns-is-layout-9d6595d7 wp-block-columns-is-layout-flex\">\n<div class=\"wp-block-column is-layout-flow wp-block-column-is-layout-flow\" style=\"flex-basis:100%\">\n<p class=\"has-text-align-left\" style=\"font-size:24px\"><strong><span class=\"lettrine\">M<\/span>r. Daisaku Ikeda, founder :<\/strong><\/p>\n\n\n\n<p class=\"has-medium-font-size\"><mark style=\"background-color:rgba(0, 0, 0, 0)\" class=\"has-inline-color has-ast-global-color-1-color\">1991<\/mark><\/p>\n\n\n\n<ul class=\"wp-block-list has-medium-font-size\">\n<li><strong><a rel=\"noreferrer noopener\" href=\"\/en\/comite-dhonneur\/allocution\/\" data-type=\"URL\" target=\"_blank\">Speech at the inauguration of the Literary House of Victor Hugo<\/a><\/strong><\/li>\n\n\n\n<li><strong><a rel=\"noreferrer noopener\" href=\"\/en\/comite-dhonneur\/discours-du-fondateur\/\" data-type=\"URL\" target=\"_blank\">Introduction to the catalog of the Literary House of Victor Hugo<\/a><\/strong><\/li>\n<\/ul>\n\n\n\n<p class=\"has-medium-font-size\"><mark style=\"background-color:rgba(0, 0, 0, 0)\" class=\"has-inline-color has-ast-global-color-1-color\">2021<\/mark><\/p>\n\n\n\n<ul class=\"wp-block-list has-medium-font-size\">\n<li><strong><a rel=\"noreferrer noopener\" href=\"\/en\/message-du-fondateur\/\" data-type=\"page\" target=\"_blank\">Message for the 30th anniversary album of the Literary House of Victor Hugo<\/a><\/strong><\/li>\n<\/ul>\n\n\n\n<div style=\"height:61px\" aria-hidden=\"true\" class=\"wp-block-spacer\"><\/div>\n<\/div>\n<\/div>\n\n\n\n<div class=\"wp-block-columns alignwide is-layout-flex wp-container-core-columns-is-layout-9d6595d7 wp-block-columns-is-layout-flex\">\n<div class=\"wp-block-column is-layout-flow wp-block-column-is-layout-flow\" style=\"flex-basis:100%\">\n<p class=\"has-text-align-left\" style=\"font-size:24px\"><strong><span class=\"lettrine\">P<\/span>ersonalities :<\/strong><\/p>\n\n\n\n<p class=\"has-medium-font-size\"><mark style=\"background-color:rgba(0, 0, 0, 0)\" class=\"has-inline-color has-ast-global-color-1-color\">1991<\/mark><\/p>\n\n\n\n<ul class=\"wp-block-list has-medium-font-size\">\n<li>Mr. Alain Poher, President of the Senate from 1968 to 1992\/<strong> <a rel=\"noreferrer noopener\" href=\"\/en\/le-grand-homme-de-la-haute-assemblee\" data-type=\"URL\" target=\"_blank\">Foreword to the catalog of the Literary House of Victor Hugo<\/a><\/strong><\/li>\n<\/ul>\n\n\n\n<ul class=\"wp-block-list has-medium-font-size\">\n<li>Mr. Tchinguiz Aitmatov, writer, USSR ambassador to Luxembourg \/ <strong><a rel=\"noreferrer noopener\" href=\"\/en\/allocution-t-aitmatov\/\" data-type=\"URL\" target=\"_blank\">Speech to the inauguration of the Literary House of Victor Hugo<\/a><\/strong><\/li>\n<\/ul>\n\n\n\n<ul class=\"wp-block-list has-medium-font-size\">\n<li>Mr. Ren\u00e9 Huygue, of the Acad\u00e9mie fran\u00e7aise \/<strong> <a rel=\"noreferrer noopener\" href=\"\/en\/comite-dhonneur\/de-paris-a-tokyo\/\" data-type=\"URL\" target=\"_blank\">Preface to the catalog of the Literary House of Victor Hugo<\/a><\/strong><\/li>\n<\/ul>\n\n\n\n<ul class=\"wp-block-list has-medium-font-size\">\n<li>Mr. Georges Poisson, General Curator of Heritage, President of the Writers&rsquo; Route \/<strong> <a rel=\"noreferrer noopener\" href=\"\/en\/comite-dhonneur\/la-vallee-des-amours\/\" data-type=\"URL\" target=\"_blank\">Preamble to the catalog of the Literary House of Victor Hugo<\/a><\/strong><\/li>\n<\/ul>\n\n\n\n<ul class=\"wp-block-list has-medium-font-size\">\n<li>Mr. Andr\u00e9 Fage, honorary president, founder of the Museum of Photography in Bi\u00e8vres \/ <strong><a rel=\"noreferrer noopener\" href=\"\/en\/publications\/promenade-dans-bievres\/\" data-type=\"page\" target=\"_blank\">Preamble to the catalog of the Literary House of Victor Hugo<\/a><\/strong><\/li>\n<\/ul>\n\n\n\n<p><\/p>\n\n\n\n<p class=\"has-medium-font-size\"><mark style=\"background-color:rgba(0, 0, 0, 0)\" class=\"has-inline-color has-ast-global-color-1-color\">2021<\/mark><\/p>\n\n\n\n<ul class=\"wp-block-list has-medium-font-size\">\n<li>Mr. G\u00e9rard Larcher, President of the Senate \/ <strong><a rel=\"noreferrer noopener\" href=\"\/en\/message-gerard-larcher\/\" data-type=\"page\" target=\"_blank\">Message for the 30th anniversary album of the Literary House of Victor Hugo \u00ab\u00a0Victor Hugo, a great writer, an experienced parliamentarian belonging to the heritage of humanity \u00ab\u00a0<\/a><\/strong><\/li>\n<\/ul>\n\n\n\n<ul class=\"wp-block-list has-medium-font-size\">\n<li>Mrs. Anne Pelletier Le Barbier, Mayor of Bi\u00e8vres \/ <strong><a rel=\"noreferrer noopener\" href=\"\/en\/message-a-pelletier-le-barbier\/\" data-type=\"page\" target=\"_blank\">Message for the 30th anniversary album of the Literary House of Victor Hugo<\/a><\/strong><\/li>\n<\/ul>\n\n\n\n<ul class=\"wp-block-list has-medium-font-size\">\n<li>Mr. Denis Lavalle, General Curator of Heritage \/ <strong><a rel=\"noreferrer noopener\" href=\"\/\/www.maisonlitterairedevictorhugo.net\/en\/message-d-lavalle\/\" data-type=\"page\" target=\"_blank\">Message for the 30th anniversary album of the Literary House of Victor Hugo \u00ab\u00a0<strong>In the breath of the \u00ab\u00a0old pensive of the solitudes\u00a0\u00bb: the thirty years of the Literary House of Victor Hugo in Bi\u00e8vres\u00a0\u00bb<\/strong><\/a><\/strong><\/li>\n<\/ul>\n\n\n\n<ul class=\"wp-block-list has-medium-font-size\">\n<li>Mrs. Anne-Simone Dufief, Professor Emeritus of Literature at the University of Angers \/ <strong><a rel=\"noreferrer noopener\" href=\"\/en\/message-a-s-dufief\/\" data-type=\"page\" target=\"_blank\">Message to the 30th anniversary of the Literary House of Victor Hugo<\/a><\/strong><\/li>\n<\/ul>\n\n\n\n<ul class=\"wp-block-list has-medium-font-size\">\n<li>Mr. Charles Bonaparte, President of the European Federation of Napoleonic Cities \/ <strong><a rel=\"noreferrer noopener\" href=\"\/en\/message-c-bonaparte\/\" data-type=\"page\" target=\"_blank\">Message to the 30th anniversary of the Literary House of Victor Hugo<\/a><\/strong><\/li>\n<\/ul>\n\n\n\n<div style=\"height:61px\" aria-hidden=\"true\" class=\"wp-block-spacer\"><\/div>\n\n\n\n<p class=\"has-text-align-left\" style=\"font-size:24px\"><strong><span class=\"lettrine\">M<\/span>r. Philippe Moine, director (1991-2023) :<\/strong><\/p>\n\n\n\n<p class=\"has-medium-font-size\"><mark style=\"background-color:rgba(0, 0, 0, 0)\" class=\"has-inline-color has-ast-global-color-1-color\">1991<\/mark><\/p>\n\n\n\n<ul class=\"wp-block-list has-medium-font-size\">\n<li><strong><a rel=\"noreferrer noopener\" href=\"\/en\/allocution-p-moine\/\" data-type=\"page\" target=\"_blank\">Speech for the inauguration of the Literary House of Victor Hugo<\/a><\/strong><\/li>\n<\/ul>\n\n\n\n<p class=\"has-medium-font-size\"><mark style=\"background-color:rgba(0, 0, 0, 0)\" class=\"has-inline-color has-ast-global-color-1-color\">2021<\/mark><\/p>\n\n\n\n<ul class=\"wp-block-list has-medium-font-size\">\n<li><strong><a rel=\"noreferrer noopener\" href=\"\/en\/avant-propos-philippe-moine\/\" data-type=\"URL\" target=\"_blank\">Foreword to the 30th anniversary album of the Literary House of Victor Hugo<\/a><\/strong><\/li>\n<\/ul>\n<\/div>\n<\/div>\n\n\n\n<div style=\"height:30px\" aria-hidden=\"true\" class=\"wp-block-spacer\"><\/div>\n","protected":false},"excerpt":{"rendered":"<p>SPEECHES Mr. Daisaku Ikeda, founder : 1991 2021 Personalities : 1991 2021 Mr. Philippe Moine, director (1991-2023) : 1991 2021<\/p>\n","protected":false},"author":1,"featured_media":0,"parent":0,"menu_order":0,"comment_status":"closed","ping_status":"closed","template":"","meta":{"site-sidebar-layout":"default","site-content-layout":"default","ast-main-header-display":"","ast-hfb-above-header-display":"","ast-hfb-below-header-display":"","ast-hfb-mobile-header-display":"","site-post-title":"","ast-breadcrumbs-content":"","ast-featured-img":"","footer-sml-layout":"","theme-transparent-header-meta":"","adv-header-id-meta":"","stick-header-meta":"","header-above-stick-meta":"","header-main-stick-meta":"","header-below-stick-meta":"","footnotes":""},"class_list":["post-1570","page","type-page","status-publish","hentry"],"_links":{"self":[{"href":"https:\/\/www.maisonlitterairedevictorhugo.net\/en\/wp-json\/wp\/v2\/pages\/1570","targetHints":{"allow":["GET"]}}],"collection":[{"href":"https:\/\/www.maisonlitterairedevictorhugo.net\/en\/wp-json\/wp\/v2\/pages"}],"about":[{"href":"https:\/\/www.maisonlitterairedevictorhugo.net\/en\/wp-json\/wp\/v2\/types\/page"}],"author":[{"embeddable":true,"href":"https:\/\/www.maisonlitterairedevictorhugo.net\/en\/wp-json\/wp\/v2\/users\/1"}],"replies":[{"embeddable":true,"href":"https:\/\/www.maisonlitterairedevictorhugo.net\/en\/wp-json\/wp\/v2\/comments?post=1570"}],"version-history":[{"count":151,"href":"https:\/\/www.maisonlitterairedevictorhugo.net\/en\/wp-json\/wp\/v2\/pages\/1570\/revisions"}],"predecessor-version":[{"id":4330,"href":"https:\/\/www.maisonlitterairedevictorhugo.net\/en\/wp-json\/wp\/v2\/pages\/1570\/revisions\/4330"}],"wp:attachment":[{"href":"https:\/\/www.maisonlitterairedevictorhugo.net\/en\/wp-json\/wp\/v2\/media?parent=1570"}],"curies":[{"name":"wp","href":"https:\/\/api.w.org\/{rel}","templated":true}]}}