{"id":1158,"date":"2022-01-20T10:46:34","date_gmt":"2022-01-20T09:46:34","guid":{"rendered":"https:\/\/www.maisonlitterairedevictorhugo.net\/en\/?page_id=1158"},"modified":"2022-03-13T19:32:39","modified_gmt":"2022-03-13T18:32:39","slug":"album-30-ans","status":"publish","type":"page","link":"https:\/\/www.maisonlitterairedevictorhugo.net\/en\/album-30-ans\/","title":{"rendered":"Album 30 ans"},"content":{"rendered":"\n<div class=\"wp-block-columns is-layout-flex wp-container-core-columns-is-layout-9d6595d7 wp-block-columns-is-layout-flex\">\n<div class=\"wp-block-column is-layout-flow wp-block-column-is-layout-flow\"><\/div>\n<\/div>\n\n\n\n<p class=\"has-text-align-center has-large-font-size\"><strong>30th Anniversary Album &#8211;<\/strong> <strong>1991\/2021<\/strong><\/p>\n\n\n\n<figure class=\"wp-block-image alignwide size-full is-style-default\"><img loading=\"lazy\" decoding=\"async\" width=\"553\" height=\"248\" src=\"https:\/\/www.maisonlitterairedevictorhugo.net\/en\/wp-content\/uploads\/2022\/02\/catalogue-vh.jpg\" alt=\"\" class=\"wp-image-2024\" srcset=\"https:\/\/www.maisonlitterairedevictorhugo.net\/en\/wp-content\/uploads\/2022\/02\/catalogue-vh.jpg 553w, https:\/\/www.maisonlitterairedevictorhugo.net\/en\/wp-content\/uploads\/2022\/02\/catalogue-vh-300x135.jpg 300w\" sizes=\"auto, (max-width: 553px) 100vw, 553px\" \/><\/figure>\n\n\n\n<div style=\"height:50px\" aria-hidden=\"true\" class=\"wp-block-spacer\"><\/div>\n\n\n\n<div class=\"wp-block-columns alignwide is-layout-flex wp-container-core-columns-is-layout-9d6595d7 wp-block-columns-is-layout-flex\">\n<div class=\"wp-block-column is-layout-flow wp-block-column-is-layout-flow\" style=\"flex-basis:100%\">\n<p class=\"has-medium-font-size\"><span class=\"lettrine\">30<\/span> <strong><strong>years of achievements<\/strong>: national and international exhibitions, publications, heritage acquisitions, partnerships, meetings, organisation of cultural events, research&#8230;<\/strong><\/p>\n<\/div>\n<\/div>\n\n\n\n<div class=\"wp-block-columns alignwide is-layout-flex wp-container-core-columns-is-layout-9d6595d7 wp-block-columns-is-layout-flex\">\n<div class=\"wp-block-column is-layout-flow wp-block-column-is-layout-flow\">\n<ul class=\"has-medium-font-size wp-block-list\"><li><strong><a rel=\"noreferrer noopener\" href=\"https:\/\/www.maisonlitterairedevictorhugo.net\/en\/avant-propos-philippe-moine\/\" data-type=\"page\" data-id=\"1902\" target=\"_blank\">Foreword<\/a><\/strong> by the Director, Mr. Philippe Moine <\/li><\/ul>\n\n\n\n<ul class=\"has-medium-font-size wp-block-list\"><li><strong><a rel=\"noreferrer noopener\" href=\"https:\/\/www.maisonlitterairedevictorhugo.net\/en\/message-du-fondateur\/\" data-type=\"page\" data-id=\"1905\" target=\"_blank\">Pr\u00e9sentation<\/a><\/strong> by the Founder, Mr. Daisaku Ikeda <\/li><\/ul>\n\n\n\n<ul class=\"has-medium-font-size wp-block-list\"><li><a rel=\"noreferrer noopener\" href=\"https:\/\/www.maisonlitterairedevictorhugo.net\/en\/message-gerard-larcher\/\" target=\"_blank\"><strong>Message<\/strong><\/a> from Mr. G\u00e9rard Larcher, President of the Senate <\/li><\/ul>\n\n\n\n<ul class=\"has-medium-font-size wp-block-list\"><li><a rel=\"noreferrer noopener\" href=\"https:\/\/www.maisonlitterairedevictorhugo.net\/en\/message-a-pelletier-le-barbier\/\" target=\"_blank\"><strong>Message<\/strong><\/a> from Mrs. Anne Pelletier, Mayor of Bi\u00e8vres<\/li><\/ul>\n\n\n\n<ul class=\"has-medium-font-size wp-block-list\"><li><a rel=\"noreferrer noopener\" href=\"https:\/\/www.maisonlitterairedevictorhugo.net\/en\/message-d-lavalle\/\" target=\"_blank\"><strong>Message<\/strong><\/a> from Mr. Denis Lavalle, Honorary General Curator of Heritage<\/li><\/ul>\n\n\n\n<ul class=\"has-medium-font-size wp-block-list\"><li><a rel=\"noreferrer noopener\" href=\"https:\/\/www.maisonlitterairedevictorhugo.net\/en\/message-a-s-dufief\/\" target=\"_blank\"><strong>Message<\/strong><\/a> from Mrs. Anne-Simone Dufief, Professor Emeritus of University <\/li><\/ul>\n\n\n\n<ul class=\"has-medium-font-size wp-block-list\"><li><a rel=\"noreferrer noopener\" href=\"https:\/\/www.maisonlitterairedevictorhugo.net\/en\/message-c-bonaparte\/\" target=\"_blank\"><strong>Message<\/strong><\/a> from Mr. Charles Bonaparte, President of the European Federation of Napoleonic Cities<\/li><\/ul>\n\n\n\n<div style=\"height:39px\" aria-hidden=\"true\" class=\"wp-block-spacer\"><\/div>\n\n\n\n<p class=\"has-medium-font-size\"><strong><strong>Participation and testimonies of 38 other national and international personalities<\/strong><\/strong><\/p>\n\n\n\n<div style=\"height:40px\" aria-hidden=\"true\" class=\"wp-block-spacer\"><\/div>\n\n\n\n<p class=\"has-medium-font-size\"><strong>1<strong>43<\/strong>\u00a0<strong>Texts\u00a0<\/strong>: <\/strong>from the founder, the director, literary specialists \/ numerous explanatory notes and captions \/ quotes from Victor Hugo and emblematic French authors&#8230;<\/p>\n\n\n\n<div style=\"height:39px\" aria-hidden=\"true\" class=\"wp-block-spacer\"><\/div>\n\n\n\n<p class=\"has-medium-font-size\"><strong><mark style=\"background-color:rgba(0, 0, 0, 0)\" class=\"has-inline-color has-ast-global-color-1-color\"><strong>211 photos\u00a0<\/strong>: <\/mark><\/strong><mark style=\"background-color:rgba(0, 0, 0, 0)\" class=\"has-inline-color has-ast-global-color-1-color\">t<\/mark><mark style=\"background-color:rgba(0, 0, 0, 0)\" class=\"has-inline-color has-ast-global-color-1-color\">he collection (manuscripts, correspondence, first editions, engravings, objects and sculptures, period photographs&#8230;) \/ the estate and the salons&#8230;<\/mark><\/p>\n\n\n\n<p class=\"has-text-align-center has-medium-font-size\"><strong>On sale : 12 \u20ac<\/strong><\/p>\n\n\n\n<p class=\"has-medium-font-size\"><\/p>\n<\/div>\n\n\n\n<div class=\"wp-block-column is-layout-flow wp-block-column-is-layout-flow\">\n<div class=\"wp-block-image is-style-default\"><figure class=\"aligncenter size-full\"><img loading=\"lazy\" decoding=\"async\" width=\"611\" height=\"289\" src=\"https:\/\/www.maisonlitterairedevictorhugo.net\/en\/wp-content\/uploads\/2022\/02\/catalogue-2.png\" alt=\"\" class=\"wp-image-2057\" srcset=\"https:\/\/www.maisonlitterairedevictorhugo.net\/en\/wp-content\/uploads\/2022\/02\/catalogue-2.png 611w, https:\/\/www.maisonlitterairedevictorhugo.net\/en\/wp-content\/uploads\/2022\/02\/catalogue-2-300x142.png 300w\" sizes=\"auto, (max-width: 611px) 100vw, 611px\" \/><\/figure><\/div>\n\n\n\n<div class=\"wp-block-image is-style-default\"><figure class=\"aligncenter size-full\"><img loading=\"lazy\" decoding=\"async\" width=\"609\" height=\"289\" src=\"https:\/\/www.maisonlitterairedevictorhugo.net\/en\/wp-content\/uploads\/2022\/02\/catalogue-4-2.png\" alt=\"\" class=\"wp-image-2071\" srcset=\"https:\/\/www.maisonlitterairedevictorhugo.net\/en\/wp-content\/uploads\/2022\/02\/catalogue-4-2.png 609w, https:\/\/www.maisonlitterairedevictorhugo.net\/en\/wp-content\/uploads\/2022\/02\/catalogue-4-2-300x142.png 300w\" sizes=\"auto, (max-width: 609px) 100vw, 609px\" \/><\/figure><\/div>\n\n\n\n<figure class=\"wp-block-image size-full is-style-default\"><img loading=\"lazy\" decoding=\"async\" width=\"611\" height=\"285\" src=\"https:\/\/www.maisonlitterairedevictorhugo.net\/en\/wp-content\/uploads\/2022\/02\/catalogue-3.jpg-2.png\" alt=\"\" class=\"wp-image-2074\" srcset=\"https:\/\/www.maisonlitterairedevictorhugo.net\/en\/wp-content\/uploads\/2022\/02\/catalogue-3.jpg-2.png 611w, https:\/\/www.maisonlitterairedevictorhugo.net\/en\/wp-content\/uploads\/2022\/02\/catalogue-3.jpg-2-300x140.png 300w\" sizes=\"auto, (max-width: 611px) 100vw, 611px\" \/><\/figure>\n\n\n\n<div class=\"wp-block-image\"><figure class=\"aligncenter size-full\"><img loading=\"lazy\" decoding=\"async\" width=\"615\" height=\"293\" src=\"https:\/\/www.maisonlitterairedevictorhugo.net\/en\/wp-content\/uploads\/2022\/02\/catalogue-2.jpg.png\" alt=\"\" class=\"wp-image-2055\" srcset=\"https:\/\/www.maisonlitterairedevictorhugo.net\/en\/wp-content\/uploads\/2022\/02\/catalogue-2.jpg.png 615w, https:\/\/www.maisonlitterairedevictorhugo.net\/en\/wp-content\/uploads\/2022\/02\/catalogue-2.jpg-300x143.png 300w\" sizes=\"auto, (max-width: 615px) 100vw, 615px\" \/><\/figure><\/div>\n<\/div>\n<\/div>\n\n\n\n<p><\/p>\n","protected":false},"excerpt":{"rendered":"<p>30th Anniversary Album &#8211; 1991\/2021 30 years of achievements: national and international exhibitions, publications, heritage acquisitions, partnerships, meetings, organisation of cultural events, research&#8230; Foreword by the Director, Mr. Philippe Moine Pr\u00e9sentation by the Founder, Mr. Daisaku Ikeda Message from Mr. G\u00e9rard Larcher, President of the Senate Message from Mrs. Anne Pelletier, Mayor of Bi\u00e8vres Message &hellip;<\/p>\n<p class=\"read-more\"> <a class=\"\" href=\"https:\/\/www.maisonlitterairedevictorhugo.net\/en\/album-30-ans\/\"> <span class=\"screen-reader-text\">Album 30 ans<\/span> Lire la suite\u00a0\u00bb<\/a><\/p>\n","protected":false},"author":1,"featured_media":0,"parent":0,"menu_order":0,"comment_status":"closed","ping_status":"closed","template":"","meta":{"site-sidebar-layout":"default","site-content-layout":"default","ast-main-header-display":"","ast-hfb-above-header-display":"","ast-hfb-below-header-display":"","ast-hfb-mobile-header-display":"","site-post-title":"","ast-breadcrumbs-content":"","ast-featured-img":"","footer-sml-layout":"","theme-transparent-header-meta":"","adv-header-id-meta":"","stick-header-meta":"","header-above-stick-meta":"","header-main-stick-meta":"","header-below-stick-meta":"","footnotes":""},"class_list":["post-1158","page","type-page","status-publish","hentry"],"_links":{"self":[{"href":"https:\/\/www.maisonlitterairedevictorhugo.net\/en\/wp-json\/wp\/v2\/pages\/1158","targetHints":{"allow":["GET"]}}],"collection":[{"href":"https:\/\/www.maisonlitterairedevictorhugo.net\/en\/wp-json\/wp\/v2\/pages"}],"about":[{"href":"https:\/\/www.maisonlitterairedevictorhugo.net\/en\/wp-json\/wp\/v2\/types\/page"}],"author":[{"embeddable":true,"href":"https:\/\/www.maisonlitterairedevictorhugo.net\/en\/wp-json\/wp\/v2\/users\/1"}],"replies":[{"embeddable":true,"href":"https:\/\/www.maisonlitterairedevictorhugo.net\/en\/wp-json\/wp\/v2\/comments?post=1158"}],"version-history":[{"count":53,"href":"https:\/\/www.maisonlitterairedevictorhugo.net\/en\/wp-json\/wp\/v2\/pages\/1158\/revisions"}],"predecessor-version":[{"id":3828,"href":"https:\/\/www.maisonlitterairedevictorhugo.net\/en\/wp-json\/wp\/v2\/pages\/1158\/revisions\/3828"}],"wp:attachment":[{"href":"https:\/\/www.maisonlitterairedevictorhugo.net\/en\/wp-json\/wp\/v2\/media?parent=1158"}],"curies":[{"name":"wp","href":"https:\/\/api.w.org\/{rel}","templated":true}]}}